{"id":19,"date":"2022-02-21T20:18:39","date_gmt":"2022-02-21T19:18:39","guid":{"rendered":"https:\/\/kortprinter.shop\/?page_id=19"},"modified":"2026-03-19T15:51:28","modified_gmt":"2026-03-19T14:51:28","slug":"smart-21s-plastkort-printer","status":"publish","type":"page","link":"https:\/\/kortprinter.shop\/","title":{"rendered":"Smart-21s plastkort printer"},"content":{"rendered":"\n<h1 class=\"wp-block-heading\" id=\"prisen-er-3-295-med-tilbehorspakke\"><a href=\"https:\/\/nordano.dk\/da\/id-kortprinter-smart-21s-tilbud-inkl-software-tilbeh%C3%B8rspakke\">Prisen er 4.465,- med tilbeh\u00f8rspakke.<\/a><\/h1>\n\n\n\n<p><strong>Smart-21s plastkort printer er klar til brug og vil hurtigt udf\u00f8re din opgave med produktion af plastkort. Plastikkort printeren kan b\u00e5de lave billede tryk og enkelt farvetryk.<\/strong><\/p>\n\n\n\n<p><strong>H\u00f8j kvalitet i b\u00e5de printeren&nbsp;og trykket. Derudover er&nbsp;den&nbsp;billig i&nbsp;pris og aftrykspris. Printeren er super \u00f8konomisk og har et smart design.<\/strong><\/p>\n\n\n<div class=\"wp-block-image\">\n<figure class=\"aligncenter size-full\"><img loading=\"lazy\" decoding=\"async\" width=\"390\" height=\"390\" src=\"https:\/\/kortprinter.shop\/wp-content\/uploads\/2024\/04\/Smart_21_no_price.jpg\" alt=\"\" class=\"wp-image-53\" srcset=\"https:\/\/kortprinter.shop\/wp-content\/uploads\/2024\/04\/Smart_21_no_price.jpg 390w, https:\/\/kortprinter.shop\/wp-content\/uploads\/2024\/04\/Smart_21_no_price-300x300.jpg 300w, https:\/\/kortprinter.shop\/wp-content\/uploads\/2024\/04\/Smart_21_no_price-150x150.jpg 150w\" sizes=\"auto, (max-width: 390px) 100vw, 390px\" \/><\/figure>\n<\/div>\n\n\n<p><strong>Pakken indeholder:<\/strong><\/p>\n\n\n\n<ul class=\"wp-block-list\">\n<li>1 stk. Smart-21s kortprinter\/plastickortprinter b\u00e5de til Windows og Mac.<\/li>\n\n\n\n<li>100 stk. blanke hvide kort til brug for plastkortproduktion.<\/li>\n\n\n\n<li>1 stk. farveb\u00e5nd til 100 print i fuld farvetryk.<\/li>\n\n\n\n<li>1 stk. software til brug for design og printing af plastkort b\u00e5de til Windows og Mac.<\/li>\n\n\n\n<li>Fri telefon-\/onlinesupport i hele printerens levetid i forbindelse med sp\u00f8rgsm\u00e5l.<\/li>\n\n\n\n<li>Udvidelsesmuligheder for netv\u00e6rk og kodningsmoduler(Chip, Magnet og lignende) \u2013 ekstra tilk\u00f8b.<\/li>\n\n\n\n<li>Kan bruges til medarbejderkort, navneskilte, reversskilte, ID-kort, medlemskort, identifikationskort, byggepladskort, arbejdskort, h\u00e5ndv\u00e6rkerkort, studiekort, g\u00e6stekort, adgangskort, elevkort, sikkerhedskort, s\u00e6sonkort, certifikater, loyalitetskort, prisskilte, \u00e5rskort, parkeringskort, bibliotekskort&nbsp;og etc.<\/li>\n<\/ul>\n\n\n<div class=\"wp-block-image\">\n<figure class=\"aligncenter size-full\"><a href=\"https:\/\/nordano.dk\/da\/plastkortprintere-kortprintere\"><img loading=\"lazy\" decoding=\"async\" width=\"699\" height=\"354\" src=\"https:\/\/kortprinter.shop\/wp-content\/uploads\/2022\/02\/Pachage_Smart-21.png\" alt=\"Package deal card printer\" class=\"wp-image-24\" srcset=\"https:\/\/kortprinter.shop\/wp-content\/uploads\/2022\/02\/Pachage_Smart-21.png 699w, https:\/\/kortprinter.shop\/wp-content\/uploads\/2022\/02\/Pachage_Smart-21-300x152.png 300w\" sizes=\"auto, (max-width: 699px) 100vw, 699px\" \/><\/a><\/figure>\n<\/div>\n\n\n<h6 class=\"wp-block-heading\" id=\"yderligere-specifikationer\">Yderligere specifikationer<\/h6>\n\n\n\n<p><strong>DK\u2019s bedste aftryks kvalitet, billigste printer med automatisk feeder\/f\u00f8der&nbsp;med plads til&nbsp;100&nbsp;kort&nbsp;inkl. software&nbsp;og&nbsp;tilbeh\u00f8rspakke(100 kort og 1 stk. farveb\u00e5nd til 250 print i fuld farve). Samtidig DK\u2019s billigste aftrykspris \u2013&nbsp;fra 0,75 kr. pr. f\u00e6rdig trykt kort&nbsp;f.eks. til ID-kort, prisen er inkl. plastkortet.&nbsp;Hurtig \u2013 128 fuldfarvet print pr. time.<\/strong><\/p>\n\n\n\n<p><strong>Virker ogs\u00e5 til Mac.&nbsp;<\/strong><\/p>\n\n\n\n<p><strong>V<\/strong><strong>i er meget stolte af denne gode plastkort printer, s\u00e5 kontakt os for aftale om gratis demonstration os hos eller p\u00e5 din adresse.<\/strong><\/p>\n\n\n\n<ul class=\"wp-block-list\">\n<li>Kortprinter af h\u00f8j kvalitet \u2013 Smart plastkortprinter.<\/li>\n\n\n\n<li>Kant til kant tryk og hurtig.<\/li>\n\n\n\n<li>Perfekt til medarbejderkort, ID-kort, medlemskort, \u00e5rskort,&nbsp;identifikationskort, eventkort, byggepladskort, arbejdskort, h\u00e5ndv\u00e6rkerkort, studiekort, g\u00e6stekort, adgangskort, elevkort, sikkerhedskort, s\u00e6sonkort, certifikater, loyalitetskort, prisskilte, k\u00f8rekort,&nbsp;kreditkort\/creditkort&nbsp;og etc.<\/li>\n\n\n\n<li>4-farvetryk(billedtryk\/YMCK) og 1-farvetryk(f.eks. sort)<\/li>\n\n\n\n<li>Hvorfor k\u00f8be en monokrom printer, n\u00e5r du kan f\u00e5 en til billedtryk og monokrom tryk til billigere penge.<\/li>\n\n\n\n<li>Kortst\u00f8rrelser ISO standard CR-80 (standard kreditkort st\u00f8rrelse)&nbsp;og yderligere \u2013 se specifikationer.<\/li>\n\n\n\n<li>Tilslutning USB.<\/li>\n\n\n\n<li>Vi yder gratis hotline support p\u00e5 udstyr k\u00f8bt hos os.<\/li>\n\n\n\n<li>Brancher \u2013 f.eks. HR, sikkerhed, uddannelse, transport, sundhed, betaling, event.<\/li>\n\n\n\n<li>Prisskilte til fiskebutikker, slagtere, bager og etc.<\/li>\n\n\n\n<li>Kompatibel med Windows 11, 10, 8, 7, XP og Vista (32\/64 bit), Apple MAC (Macintosh \u2013 Sierra, El Capitan, Yosemite, <em>Mavericks<\/em> og etc.) og yderligere \u2013&nbsp;se specifikationer.<\/li>\n\n\n\n<li>Mulighed for programmeringsmoduler (HICO\/LOCO\/CHIP\/SMART \u2013 Mifare, Desfire, IClass &amp; Contact chip).<\/li>\n\n\n\n<li>YMCKO farveb\u00e5nd har 100 tryk pr. b\u00e5nd. (se under <a href=\"http:\/\/nrdno.dk\/da\/smart-30s-farveb%C3%A5nd\"><u>farveb\u00e5nd<\/u><\/a> for yderligere informationer).<\/li>\n\n\n\n<li>KO (sort+overlay\/beskyttelsesfilm) farveb\u00e5nd har 600 tryk pr. b\u00e5nd. (se under farveb\u00e5nd for yderligere informationer).<\/li>\n\n\n\n<li>Hurtigere i hastighed i forhold til Evolis Badgy 100 Evolis Badgy 200&nbsp;og lavere pris pr. aftryk.<\/li>\n\n\n\n<li>Hurtigere end Magicard Pronto, Evolis Zenius, Datacard SP25, Javelin J200i, Magicard Enduro+, Zebra ZXP Series 1<strong>.<\/strong><\/li>\n\n\n\n<li>Meget billigere aftrykspris\/printpris p\u00e5&nbsp;sammenlignelige printere fra Evolis, Fargo, Datacard, Javelin (NBS), Magicard og Zebra.<\/li>\n\n\n\n<li>Kan sammenlignes med en Evolis Zenius,&nbsp;Magicard RioPro, Datacard SD160, Zebra ZXP Series 1, Zebra ZC100, HiTi Kortprinter CS200e, Entrust.<\/li>\n\n\n\n<li>Korttyper som kan bruges ved printing: PVC kort, composite PVC kort, PET-F kort, PET-G kort, Poycarbonate kort, ABS kort, Polyester kort, Eco-kort, Bio-kort, PVC kort af genanvendt PVC, Eco friendly kort,&nbsp;bionedbrydelige kort,&nbsp;biodegradable kort.<\/li>\n\n\n\n<li>#kortprinter #plastkortprinter #plastickortprinter #plastikkortprinter #kort printer #ID-printer #ID-kort printer #Kort printrar #kortti kirjoitin #muovikortti kirjoitin #smart30s #korttitulostimet #kort prentara #Plast Card Prentari<\/li>\n\n\n\n<li>Kontakt os for sp\u00f8rgsm\u00e5l om&nbsp;brugte eller demo modeller.<\/li>\n<\/ul>\n\n\n\n<p>Produkt specifikationer<\/p>\n\n\n\n<figure class=\"wp-block-table\"><table><tbody><tr><td>Tryk enkeltside:<\/td><td>Ja \u2013 manuelt dobbeltside<\/td><\/tr><tr><td>Kompatibel med:<\/td><td>Windows 11\/10\/8\/7(32\/64 bit), 2000 Professional (SP4), XP, Vista (32\/64 bit), Server 2003 R2 SP2, 2008 (32\/64 bit). Mac OS<\/td><\/tr><tr><td>Trykpris pr. kort (inkl. kort):<\/td><td>Pris pr. farveb\u00e5nd \/ antal tryk p\u00e5 farveb\u00e5nd + blankt kort.<\/td><\/tr><tr><td>Stregkoder:<\/td><td>2D stregkode, stregkoder, QR.<\/td><\/tr><tr><td>Kr\u00e6ves speciel software for udskrivning:<\/td><td>Nej, kan udskrive fra alle Windows og Mac kompatible programmer. Fungerer som en normal printer.<\/td><\/tr><tr><td>Kort tykkelser:<\/td><td>0.51 mm til 1.02 mm (20 mil til 40 mil).<\/td><\/tr><tr><td>Kort st\u00f8rrelser:<\/td><td>ISO standard CR80 85,6mm x 54mm eller 3.375\u2033 x 2.125\u2033, og CR79 83,9mm x 51mm eller 3.303\u2033 x 2.051\u2033.<\/td><\/tr><tr><td>Arbejdsmilj\u00f8 temperatur:<\/td><td>Beskyttet kontormilj\u00f8 10C til 30C (50F til 85F).<\/td><\/tr><tr><td>Str\u00f8m:<\/td><td>Ekstern str\u00f8mforsyning 90-265V 40-60Hz (auto).<\/td><\/tr><tr><td>Farve mulighed:<\/td><td>4-farve(billede tryk) og monokrom.<\/td><\/tr><\/tbody><\/table><\/figure>\n","protected":false},"excerpt":{"rendered":"<p>Prisen er 4.465,- med tilbeh\u00f8rspakke. Smart-21s plastkort printer er klar til brug og vil hurtigt udf\u00f8re din opgave med produktion af plastkort. Plastikkort printeren kan b\u00e5de lave billede tryk og enkelt farvetryk. H\u00f8j kvalitet i b\u00e5de printeren&nbsp;og trykket. Derudover er&nbsp;den&nbsp;billig i&nbsp;pris og aftrykspris. Printeren er super \u00f8konomisk og har et smart design. Pakken indeholder: Yderligere &hellip; <a href=\"https:\/\/kortprinter.shop\/\" class=\"more-link\">L\u00e6s videre <span class=\"screen-reader-text\">Smart-21s plastkort printer<\/span> <span class=\"meta-nav\">&rarr;<\/span><\/a><\/p>\n","protected":false},"author":1,"featured_media":0,"parent":0,"menu_order":0,"comment_status":"closed","ping_status":"closed","template":"","meta":{"footnotes":""},"class_list":["post-19","page","type-page","status-publish","hentry"],"_links":{"self":[{"href":"https:\/\/kortprinter.shop\/index.php\/wp-json\/wp\/v2\/pages\/19","targetHints":{"allow":["GET"]}}],"collection":[{"href":"https:\/\/kortprinter.shop\/index.php\/wp-json\/wp\/v2\/pages"}],"about":[{"href":"https:\/\/kortprinter.shop\/index.php\/wp-json\/wp\/v2\/types\/page"}],"author":[{"embeddable":true,"href":"https:\/\/kortprinter.shop\/index.php\/wp-json\/wp\/v2\/users\/1"}],"replies":[{"embeddable":true,"href":"https:\/\/kortprinter.shop\/index.php\/wp-json\/wp\/v2\/comments?post=19"}],"version-history":[{"count":9,"href":"https:\/\/kortprinter.shop\/index.php\/wp-json\/wp\/v2\/pages\/19\/revisions"}],"predecessor-version":[{"id":61,"href":"https:\/\/kortprinter.shop\/index.php\/wp-json\/wp\/v2\/pages\/19\/revisions\/61"}],"wp:attachment":[{"href":"https:\/\/kortprinter.shop\/index.php\/wp-json\/wp\/v2\/media?parent=19"}],"curies":[{"name":"wp","href":"https:\/\/api.w.org\/{rel}","templated":true}]}}