{"id":16,"date":"2022-02-21T20:17:10","date_gmt":"2022-02-21T19:17:10","guid":{"rendered":"https:\/\/kortprinter.shop\/?page_id=16"},"modified":"2022-02-21T20:35:00","modified_gmt":"2022-02-21T19:35:00","slug":"kortprintere-med-oekonomiske-fordele","status":"publish","type":"page","link":"https:\/\/kortprinter.shop\/index.php\/kortprintere-med-oekonomiske-fordele\/","title":{"rendered":"Kortprintere med \u00f8konomiske fordele"},"content":{"rendered":"\n<h6 class=\"wp-block-heading\" id=\"kortprintere-med-okonomiske-fordele-plastkortprintere-er-perfekte-og-okonomiske-til-f-eks-medarbejderkort-id-kort-medlemskort-identifikationskort-byggepladskort-arbejdskort-handvaerkerkort-studiekort-gaestekort-adgangskort-elevkort-rabatkort-sikkerhedskort-saesonkort-certifikater-loyalitetskort-prisskilte-arskort-chipkort-magnetkort-beroringsfri-kort-og-etc\"><strong><a href=\"http:\/\/nordano.com\/Kortprintere\"><u>Kortprintere \u2013 med \u00f8konomiske fordele. Plastkortprintere<\/u><\/a> er perfekte og \u00f8konomiske til f.eks. medarbejderkort, ID-kort, medlemskort, identifikationskort, byggepladskort, arbejdskort, h\u00e5ndv\u00e6rkerkort, studiekort, g\u00e6stekort, adgangskort, elevkort, rabatkort, sikkerhedskort, s\u00e6sonkort, certifikater, loyalitetskort, prisskilte, \u00e5rskort, chipkort, magnetkort, ber\u00f8ringsfri kort og etc.<\/strong><\/h6>\n\n\n\n<div class=\"wp-block-image\"><figure class=\"aligncenter size-full\"><a href=\"http:\/\/nordano.com\/Kortprintere\"><img loading=\"lazy\" decoding=\"async\" width=\"300\" height=\"249\" src=\"https:\/\/kortprinter.shop\/wp-content\/uploads\/2022\/02\/0001602_card-printer-smart-21-offer-incl-software-accessories-package_300-300x249-1.png\" alt=\"Kortprinter model Smart-21s\" class=\"wp-image-23\"\/><\/a><\/figure><\/div>\n\n\n\n<p><strong>Kortprinterne er ikke bare smarte, men er de originale Smart plastickort printere = h\u00f8j kvalitet, men billigst p\u00e5 alle punkter herunder printerpriserne og aftrykspris. <a href=\"http:\/\/nordano.com\/Kortprintere\">L\u00e6s mere.<\/a><\/strong><\/p>\n\n\n\n<p><strong>Plastkortprinterne kan bruges med&nbsp;&nbsp;f.eks.&nbsp;PVC kort (card), composite PVC kort, PET-F kort, PET-G kort, Poycarbonate kort, ABS kort, Polyester kort, Eco-kort, Bio-kort, PVC kort af genanvendt PVC, Eco friendly kort,&nbsp;bionedbrydelige kort,&nbsp;biodegradable kort, chipkort, tr\u00e5dl\u00f8s chip(kontaktl\u00f8s), MIFARE (mifare ultralight C, EV1, NANO), NXP, HID, Indala, ICLASS, prox, Proximity, EM4200, EM4100,&nbsp;DESFire, NFC, RFID (radio frequency identification), simkort \u2013 dvs. n\u00e6ste alle korttyper som findes.<\/strong><\/p>\n\n\n\n<p><strong>Derudover har kortprinterne mulighed for kodning af alle korttyper.<\/strong><\/p>\n\n\n\n<p><strong>Alle plastkortprintere som leveres af os er inkl. software til brug for udskrivning af plastkort. Smart plastikkortprintere kan dog ogs\u00e5 bruges direkte fra IOS\/tablets og jeres egne programmer\/applikationer \u2013 dvs. man kan udskrive og eventuelt programmere kort via simpel programmeringssprog som medf\u00f8lger alle Smart-21\/31\/51 printere med netvv\u00e6rksmodul. Smart kortprinterne med ethernet\/netv\u00e6rksmodul har nemlig et programmeringssprog kaldet OCP, som muligg\u00f8r udskrivning uden brug af printdriver. Dvs. man kan benytte disse printere p\u00e5 alle styresystemer Android, IOS, Linux, Unix, MAC, Windows og etc., samt i alle applikationer. Skal vi lave programmering i forbindelse med dette er det ikke inkl. i priserne.<\/strong><\/p>\n\n\n\n<p><strong>Derudover har vi SDK\u2019s til alle vores printere \u2013 hvis man vil udvikle sin egen applikation\/script til vores printere med USB og\/eller netv\u00e6rksmodul.<\/strong><\/p>\n\n\n\n<p><strong>Kortprintere \u2013 med \u00f8konomiske fordele.<\/strong><\/p>\n\n\n\n<p><strong>DK\u2019s bedste aftryks kvalitet, billigste printere med automatisk feeder\/f\u00f8der&nbsp;inkl. software. <\/strong><strong>Samtidig DK\u2019s billigste aftrykspris \u2013&nbsp;fra 0,75 kr. pr. f\u00e6rdig trykt kort&nbsp;f.eks. til ID-kort, prisen er inkl. plastkortet.<\/strong><\/p>\n\n\n\n<p>Kontakt os for mere infomation p\u00e5&nbsp;70208687 eller <a href=\"http:\/\/nordano.com\/Kortprintere\">l\u00e6s mere om k<strong>ortprintere \u2013 med \u00f8konomiske fordele.<\/strong><\/a><\/p>\n","protected":false},"excerpt":{"rendered":"<p>Kortprintere \u2013 med \u00f8konomiske fordele. Plastkortprintere er perfekte og \u00f8konomiske til f.eks. medarbejderkort, ID-kort, medlemskort, identifikationskort, byggepladskort, arbejdskort, h\u00e5ndv\u00e6rkerkort, studiekort, g\u00e6stekort, adgangskort, elevkort, rabatkort, sikkerhedskort, s\u00e6sonkort, certifikater, loyalitetskort, prisskilte, \u00e5rskort, chipkort, magnetkort, ber\u00f8ringsfri kort og etc. Kortprinterne er ikke bare smarte, men er de originale Smart plastickort printere = h\u00f8j kvalitet, men billigst p\u00e5 alle &hellip; <a href=\"https:\/\/kortprinter.shop\/index.php\/kortprintere-med-oekonomiske-fordele\/\" class=\"more-link\">L\u00e6s videre <span class=\"screen-reader-text\">Kortprintere med \u00f8konomiske fordele<\/span> <span class=\"meta-nav\">&rarr;<\/span><\/a><\/p>\n","protected":false},"author":1,"featured_media":0,"parent":0,"menu_order":0,"comment_status":"closed","ping_status":"closed","template":"","meta":{"footnotes":""},"class_list":["post-16","page","type-page","status-publish","hentry"],"_links":{"self":[{"href":"https:\/\/kortprinter.shop\/index.php\/wp-json\/wp\/v2\/pages\/16","targetHints":{"allow":["GET"]}}],"collection":[{"href":"https:\/\/kortprinter.shop\/index.php\/wp-json\/wp\/v2\/pages"}],"about":[{"href":"https:\/\/kortprinter.shop\/index.php\/wp-json\/wp\/v2\/types\/page"}],"author":[{"embeddable":true,"href":"https:\/\/kortprinter.shop\/index.php\/wp-json\/wp\/v2\/users\/1"}],"replies":[{"embeddable":true,"href":"https:\/\/kortprinter.shop\/index.php\/wp-json\/wp\/v2\/comments?post=16"}],"version-history":[{"count":3,"href":"https:\/\/kortprinter.shop\/index.php\/wp-json\/wp\/v2\/pages\/16\/revisions"}],"predecessor-version":[{"id":38,"href":"https:\/\/kortprinter.shop\/index.php\/wp-json\/wp\/v2\/pages\/16\/revisions\/38"}],"wp:attachment":[{"href":"https:\/\/kortprinter.shop\/index.php\/wp-json\/wp\/v2\/media?parent=16"}],"curies":[{"name":"wp","href":"https:\/\/api.w.org\/{rel}","templated":true}]}}