{"id":11,"date":"2022-02-21T20:14:58","date_gmt":"2022-02-21T19:14:58","guid":{"rendered":"https:\/\/kortprinter.shop\/?page_id=11"},"modified":"2022-02-21T20:34:43","modified_gmt":"2022-02-21T19:34:43","slug":"de-perfekte-kortprintere-til-kort-plastkort","status":"publish","type":"page","link":"https:\/\/kortprinter.shop\/index.php\/de-perfekte-kortprintere-til-kort-plastkort\/","title":{"rendered":"De perfekte kortprintere til kort \/ plastkort"},"content":{"rendered":"\n<h6 class=\"wp-block-heading\" id=\"har-du-i-brug-for-en-plastkortprinter-til-produktion-af-kort-har-vi-en-i-vores-udvalg-af-hoje-kvalitetsprintere-der-kan-matche-jeres-krav-til-de-perfekte-kortprintere-til-kort-plastkort\">Har du\/I brug for en <a href=\"http:\/\/nordano.com\/Kortprintere\"><u>plastkortprinter<\/u><\/a> til produktion af kort, har vi en i vores udvalg af h\u00f8je kvalitetsprintere der kan matche jeres krav til de perfekte kortprintere til kort\/plastkort.<\/h6>\n\n\n\n<div class=\"wp-block-image\"><figure class=\"aligncenter size-full is-resized\"><a href=\"http:\/\/nordano.com\/Kortprintere\"><img loading=\"lazy\" decoding=\"async\" src=\"https:\/\/kortprinter.shop\/wp-content\/uploads\/2022\/02\/Smart_kortprintere_NORDANO_1.png\" alt=\"Smart_kortprintere_NORDANO_1\" class=\"wp-image-27\" width=\"615\" height=\"293\" srcset=\"https:\/\/kortprinter.shop\/wp-content\/uploads\/2022\/02\/Smart_kortprintere_NORDANO_1.png 759w, https:\/\/kortprinter.shop\/wp-content\/uploads\/2022\/02\/Smart_kortprintere_NORDANO_1-300x143.png 300w\" sizes=\"auto, (max-width: 615px) 100vw, 615px\" \/><\/a><\/figure><\/div>\n\n\n\n<div class=\"wp-block-image\"><figure class=\"aligncenter size-full is-resized\"><a href=\"http:\/\/nordano.com\/Kortprintere\"><img loading=\"lazy\" decoding=\"async\" src=\"https:\/\/kortprinter.shop\/wp-content\/uploads\/2022\/02\/reklame-293x300-1.jpg\" alt=\"plastkort\" class=\"wp-image-25\" width=\"199\" height=\"204\"\/><\/a><\/figure><\/div>\n\n\n\n<h6 class=\"wp-block-heading\" id=\"nordano-sorger-for-jeres-id-service-for-plastkort-korer-optimalt-derudover-har-vi-taenkt-okonomi-igennem-hele-forlobet-sa-derfor-er-vores-priser-pa-kort-og-printere-bedre-end-vores-konkurrenter-de-bedste-og-billigste-kortprintere-kommer-fra-smart-vi-kan-ogsa-lave-en-tco-beregning-hvis-har-brug-for-dette\">NORDANO s\u00f8rger for jeres id-service for plastkort k\u00f8rer optimalt. Derudover har vi t\u00e6nkt \u00f8konomi igennem hele forl\u00f8bet, s\u00e5 derfor er vores priser p\u00e5 kort og printere bedre end vores konkurrenter. De bedste og billigste&nbsp;kortprintere kommer fra <a href=\"http:\/\/nordano.com\/Kortprintere\"><u>Smart<\/u><\/a>. Vi kan ogs\u00e5 lave en TCO beregning hvis har brug for dette.<\/h6>\n\n\n\n<h6 class=\"wp-block-heading\" id=\"nogle-gange-har-man-brug-for-id-losninger-som-er-online-24-7-og-kortene-skal-laves-hurtigt-vores-kortprinter-er-super-hurtigere-i-forhold-til-konkurrerende-kortprintere-pa-markedet-samtidig-er-de-klar-til-brug-nar-behovet-er-der\">Nogle gange har man brug for id l\u00f8sninger som er online 24\/7, og kortene skal laves hurtigt.&nbsp;Vores kortprinter er super hurtigere i forhold til konkurrerende kortprintere p\u00e5 markedet. Samtidig er de klar til brug n\u00e5r&nbsp;behovet er der.<\/h6>\n\n\n\n<h6 class=\"wp-block-heading\" id=\"der-er-mange-der-tilbyder-brugte-kortprintere-men-hvorfor-kobe-brugt-nar-en-man-kan-kobe-en-ny-til-den-samme-eller-billigere-pris-en-ny-plastic-kortprinter-har-garanti-og-vil-ogsa-virke-til-de-nye-versioner-af-windows-mac-os-linux-og-etc\">Der er mange der tilbyder brugte <a href=\"http:\/\/nordano.com\/Kortprintere\"><u>kortprintere<\/u><\/a>, men hvorfor k\u00f8be brugt n\u00e5r en man kan k\u00f8be en ny til den&nbsp;samme eller billigere pris. En ny&nbsp;<a href=\"http:\/\/nordano.com\/Kortprintere\"><u>plastic kortprinter<\/u><\/a>&nbsp;har garanti og vil ogs\u00e5&nbsp;virke til de nye versioner af Windows, MAC OS, Linux og etc.<\/h6>\n\n\n\n<h6 class=\"wp-block-heading\" id=\"man-kan-blive-forvirret-over-udvalget-af-plastickortprintere-og-derfor-skal-vi-radgive-jer-om-dette-med-vores-erfaring-siden-1967-sa-man-ikke-foler-man-kigger-pa-en-zebraflok-og-skal-finde-den-rigtige-zebra-til-ens-opgave-samtidig-skal-ens-printer-maske-give-prestige-pa-kontoret-sa-den-ser-flot-og-smart-ud-sa-derfor-er-vores-smart-kortprintere-ogsa-designet-med-det-for-oje\">Man kan&nbsp;blive forvirret over udvalget af <a href=\"http:\/\/nordano.com\/Kortprintere\"><u>plastickortprintere<\/u><\/a>, og derfor skal vi r\u00e5dgive jer om dette med vores erfaring siden 1967. S\u00e5 man ikke f\u00f8ler man kigger p\u00e5 en zebraflok, og skal finde den rigtige \u201dzebra\u201d til ens opgave. Samtidig skal ens printer m\u00e5ske give prestige p\u00e5 kontoret, s\u00e5 den ser flot og smart ud. S\u00e5 derfor er vores Smart kortprintere ogs\u00e5 designet med det for \u00f8je.<\/h6>\n\n\n\n<h6 class=\"wp-block-heading\" id=\"med-den-medfolgende-software-kan-man-printe-alle-sine-kort-og-eventuelt-ogsa-programmerer-dem-til-brug-for-avanceret-korttyper-man-kan-f-eks-printe-og-programmerer-dem-med-forskelligt-dataer-samtidig-er-vores-software-enkelt-sa-man-ikke-behover-en-uddannelse-fra-oxford-for-udskrive-og-lave-jeres-plastkort\">Med den medf\u00f8lgende software kan man printe alle sine kort, og eventuelt ogs\u00e5 programmerer dem til brug for avanceret korttyper. Man kan f.eks. printe og programmerer dem med forskelligt dataer. Samtidig er vores software enkelt, s\u00e5 man ikke beh\u00f8ver en uddannelse fra Oxford for udskrive og lave jeres plastkort.<\/h6>\n\n\n\n<h6 class=\"wp-block-heading\" id=\"nogle-gange-kan-et-indkob-af-en-ny-plastikkort-printer-vaere-som-folk-i-england-siger-flip-a-coin-og-maske-lander-den-korrekt-men-ikke-vores-kortprintere-der-er-kvaliteten-i-hojsaedet-og-derfor-er-det-altid-det-korrekte-valg\">Nogle gange kan et indk\u00f8b af en ny <a href=\"http:\/\/nordano.com\/Kortprintere\"><u>plastikkort printer<\/u><\/a> v\u00e6re, som folk i England siger \u201dflip a coin\u201d og m\u00e5ske lander den korrekt, men ikke vores kortprintere, der er kvaliteten i h\u00f8js\u00e6det og derfor er det altid det korrekte valg.<\/h6>\n\n\n\n<div class=\"wp-block-image\"><figure class=\"aligncenter size-full\"><img loading=\"lazy\" decoding=\"async\" width=\"300\" height=\"249\" src=\"https:\/\/kortprinter.shop\/wp-content\/uploads\/2022\/02\/0001602_card-printer-smart-21-offer-incl-software-accessories-package_300-300x249-1.png\" alt=\"Kortprinter model Smart-21s\" class=\"wp-image-23\"\/><\/figure><\/div>\n\n\n\n<p><strong>Plastikkort maskine \/ Plastkort maskine<\/strong><\/p>\n\n\n\n<h6 class=\"wp-block-heading\" id=\"i-en-kortprinter-fra-nordano-har-du-et-rigtigt-card-exchange-som-vil-blive-omdrejningspunktet-for-jeres-plastkortproduktion-med-alle-mulighederne-indenfor-it-er-det-essentielt-at-jeres-nye-plastik-kortprinter-lever-op-til-alle-jeres-specifikationer-og-kan-indsaettes-direkte-i-jeres-nuvaerende-systemer-smart-kortprinterne-har-mulighed-for-direkte-udskrivning-og-eventuelt-programmering-fra-jeres-egne-applikationer-smart-kortprinter-fungerer-ligesom-almindelige-printere-og-kan-benyttes-bade-pa-windows-mac-apple-linux-og-unix\">I en <a href=\"http:\/\/nordano.com\/Kortprintere\"><u>kortprinter<\/u><\/a> fra NORDANO har du et rigtigt \u201dcard-exchange\u201d, som vil blive omdrejningspunktet for jeres plastkortproduktion. Med alle mulighederne indenfor IT er det essentielt, at jeres nye <a href=\"http:\/\/nordano.com\/Kortprintere\"><u>plastik kortprinter<\/u><\/a> lever op til alle jeres specifikationer, og kan inds\u00e6ttes direkte i jeres nuv\u00e6rende systemer. Smart kortprinterne har mulighed for direkte udskrivning og eventuelt programmering fra jeres egne applikationer. Smart <a href=\"http:\/\/nordano.com\/Kortprintere\"><u>kortprinter<\/u><\/a> fungerer ligesom almindelige printere, og kan benyttes b\u00e5de p\u00e5 Windows, MAC(Apple), Linux og Unix.<\/h6>\n\n\n\n<h6 class=\"wp-block-heading\" id=\"en-korrekt-investering-i-en-god-kortprinter-er-meget-vigtigt-da-okonomien-skal-fungerer-i-forhold-til-den-efterfolgende-levetid-af-kortprinteren-og-indkob-af-tilbehor-er-man-en-virksomhed-med-hovedsaede-i-udlandet-har-man-ofte-company-rules-som-skal-efterfolges-i-forbindelse-med-indkobet-og-der-kan-vi-altid-radgive-sa-det-bliver-let-i-forhold-til-jeres-bagland-vi-tilbyder-ogsa-leasing-leje-i-forbindelse-med-vores-plast-kortprintere\">En korrekt investering i en god <a href=\"http:\/\/nordano.com\/Kortprintere\"><u>kortprinter<\/u><\/a> er meget vigtigt, da \u00f8konomien skal fungerer i forhold til den efterf\u00f8lgende levetid af kortprinteren og indk\u00f8b af tilbeh\u00f8r. Er man en virksomhed med hoveds\u00e6de i udlandet har man ofte \u201dcompany rules\u201d, som skal efterf\u00f8lges i forbindelse med indk\u00f8bet, og der kan vi altid r\u00e5dgive, s\u00e5 det bliver let i forhold til jeres bagland. Vi tilbyder ogs\u00e5 leasing\/leje i forbindelse med vores plast kortprintere.<\/h6>\n\n\n\n<h6 class=\"wp-block-heading\" id=\"standard-card-plastkort-i-forskellige-tykkelser-kan-bruges-i-vores-smart-plastkort-printere-printerne-kan-f-eks-trykke-og-lave-medarbejderkort-id-kort-medlemskort-identifikationskort-byggepladskort-arbejdskort-handvaerkerkort-studiekort-gaestekort-adgangskort-elevkort-rabatkort-sikkerhedskort-saesonkort-certifikater-loyalitetskort-prisskilte-adgangspas-arskort-chipkort-magnetkort-beroringsfri-kort-og-etc\">Standard card\/plastkort i forskellige tykkelser kan bruges i vores Smart <a href=\"http:\/\/nordano.com\/Kortprintere\"><u>plastkort printere<\/u><\/a>. Printerne kan f.eks. trykke og lave medarbejderkort, ID-kort, medlemskort, identifikationskort, byggepladskort, arbejdskort, h\u00e5ndv\u00e6rkerkort, studiekort, g\u00e6stekort, adgangskort, elevkort, rabatkort, sikkerhedskort, s\u00e6sonkort, certifikater, loyalitetskort, prisskilte, adgangspas,&nbsp;\u00e5rskort,&nbsp;chipkort, magnetkort, ber\u00f8ringsfri kort&nbsp;og etc.<\/h6>\n\n\n\n<h6 class=\"wp-block-heading\" id=\"vi-leverer-ogsa-alt-tilbehor-til-plastkortproduktionen-og-efterfolgende-montering-af-kortet-plastkortprinterne-kan-bruges-med-f-eks-pvc-kort-card-composite-pvc-kort-pet-f-kort-pet-g-kort-poycarbonate-kort-abs-kort-polyester-kort-eco-kort-bio-kort-pvc-kort-af-genanvendt-pvc-eco-friendly-kort-bionedbrydelige-kort-biodegradable-kort-chipkort-tradlos-chip-kontaktlos-mifare-mifare-ultralight-c-ev1-nano-nxp-hid-indala-iclass-prox-proximity-em4200-em4100-desfire-nfc-rfid-radio-frequency-identification-simkort-dvs-naeste-alle-korttyper-som-findes-derudover-har-kortprinterne-mulighed-for-kodning-af-alle-korttyper\">Vi leverer ogs\u00e5 alt tilbeh\u00f8r til plastkortproduktionen og efterf\u00f8lgende montering af kortet. <a href=\"http:\/\/nordano.com\/Kortprintere\"><u>Plastkortprinterne<\/u><\/a> kan bruges med&nbsp; f.eks. PVC kort (card), composite PVC kort, PET-F kort, PET-G kort, Poycarbonate kort, ABS kort, Polyester kort, Eco-kort, Bio-kort, PVC kort af genanvendt PVC, Eco friendly kort, bionedbrydelige kort, biodegradable kort, chipkort, tr\u00e5dl\u00f8s chip(kontaktl\u00f8s), MIFARE (mifare ultralight C, EV1, NANO), NXP, HID, Indala, ICLASS, prox, Proximity, EM4200, EM4100, DESFire, NFC, RFID (radio frequency identification), simkort &#8211; dvs. n\u00e6ste alle korttyper som findes. Derudover har kortprinterne mulighed for kodning af alle korttyper.<\/h6>\n\n\n\n<h6 class=\"wp-block-heading\" id=\"professionelle-plastkortprintere-fra-en-af-verdens-forende-producenter-kob-kortprintere-fra-nordano-som-kender-kan-radgive-omkring-og-servicerer-de-plastikkortprintere-vi-saelger-og-ikke-bare-saelger-en-kasse-som-de-sakaldte-multi-brand-saelger-alle-maerker-leverandorer-gor-samtidig-taler-vores-kortprintere-en-prissammenligning-med-alle-andre-meget-billigere-aftrykspris-printpris-pa-vores-smart-printere-i-sammenligning-med-printere-fra-evolis-fargo-datacard-javelin-nbs-magicard-og-zebra\">Professionelle <a href=\"http:\/\/nordano.com\/Kortprintere\"><u>plastkortprintere<\/u><\/a> fra en af verdens f\u00f8rende producenter. K\u00f8b kortprintere fra NORDANO, som kender, kan&nbsp;r\u00e5dgive omkring&nbsp;og&nbsp;servicerer de&nbsp;plastikkortprintere vi s\u00e6lger,&nbsp;og ikke bare s\u00e6lger en kasse, som&nbsp;de s\u00e5kaldte multi brand(s\u00e6lger alle m\u00e6rker) leverand\u00f8rer g\u00f8r. Samtidig t\u00e5ler vores&nbsp;kortprintere en prissammenligning med alle andre. Meget billigere aftrykspris\/printpris p\u00e5 vores Smart printere&nbsp;i&nbsp;sammenligning med&nbsp;printere fra Evolis, Fargo, Datacard, Javelin (NBS), Magicard og Zebra.<\/h6>\n\n\n\n<h6 class=\"wp-block-heading\" id=\"vi-tilbyder-dag-til-dag-levering-pa-alle-vores-smart-printere-og-tilbehor-sa-i-undgar-ventetid-pa-levering-af-en-ny-plastkort-printer\">Vi tilbyder dag til dag levering p\u00e5 alle vores <a href=\"http:\/\/nrdno.dk\/da\/\"><u>Smart printere og tilbeh\u00f8r<\/u><\/a>, s\u00e5 I undg\u00e5r ventetid p\u00e5 levering af en ny <a href=\"http:\/\/nordano.com\/Kortprintere\"><u>plastkort printer<\/u><\/a>.<\/h6>\n\n\n\n<h6 class=\"wp-block-heading\" id=\"kontakt-for-yderligere-oplysninger-pa-info-nordano-com-eller-telefon-70208687-sa-vi-sammen-kan-finde-jeres-nye-plastikkortprinter\">Kontakt for yderligere oplysninger p\u00e5&nbsp;<a href=\"mailto:info@nordano.com\">info@nordano.com<\/a> eller telefon 70208687, s\u00e5 vi sammen kan finde jeres nye <a href=\"http:\/\/nordano.com\/Kortprintere\"><u>plastikkortprinter<\/u><\/a>.<\/h6>\n","protected":false},"excerpt":{"rendered":"<p>Har du\/I brug for en plastkortprinter til produktion af kort, har vi en i vores udvalg af h\u00f8je kvalitetsprintere der kan matche jeres krav til de perfekte kortprintere til kort\/plastkort. NORDANO s\u00f8rger for jeres id-service for plastkort k\u00f8rer optimalt. Derudover har vi t\u00e6nkt \u00f8konomi igennem hele forl\u00f8bet, s\u00e5 derfor er vores priser p\u00e5 kort og &hellip; <a href=\"https:\/\/kortprinter.shop\/index.php\/de-perfekte-kortprintere-til-kort-plastkort\/\" class=\"more-link\">L\u00e6s videre <span class=\"screen-reader-text\">De perfekte kortprintere til kort \/ plastkort<\/span> <span class=\"meta-nav\">&rarr;<\/span><\/a><\/p>\n","protected":false},"author":1,"featured_media":0,"parent":0,"menu_order":0,"comment_status":"closed","ping_status":"closed","template":"","meta":{"footnotes":""},"class_list":["post-11","page","type-page","status-publish","hentry"],"_links":{"self":[{"href":"https:\/\/kortprinter.shop\/index.php\/wp-json\/wp\/v2\/pages\/11","targetHints":{"allow":["GET"]}}],"collection":[{"href":"https:\/\/kortprinter.shop\/index.php\/wp-json\/wp\/v2\/pages"}],"about":[{"href":"https:\/\/kortprinter.shop\/index.php\/wp-json\/wp\/v2\/types\/page"}],"author":[{"embeddable":true,"href":"https:\/\/kortprinter.shop\/index.php\/wp-json\/wp\/v2\/users\/1"}],"replies":[{"embeddable":true,"href":"https:\/\/kortprinter.shop\/index.php\/wp-json\/wp\/v2\/comments?post=11"}],"version-history":[{"count":8,"href":"https:\/\/kortprinter.shop\/index.php\/wp-json\/wp\/v2\/pages\/11\/revisions"}],"predecessor-version":[{"id":37,"href":"https:\/\/kortprinter.shop\/index.php\/wp-json\/wp\/v2\/pages\/11\/revisions\/37"}],"wp:attachment":[{"href":"https:\/\/kortprinter.shop\/index.php\/wp-json\/wp\/v2\/media?parent=11"}],"curies":[{"name":"wp","href":"https:\/\/api.w.org\/{rel}","templated":true}]}}